{"id":21,"date":"2018-12-24T10:54:56","date_gmt":"2018-12-24T10:54:56","guid":{"rendered":"http:\/\/roeper-consulting.de\/?page_id=21"},"modified":"2019-02-26T21:33:52","modified_gmt":"2019-02-26T21:33:52","slug":"home","status":"publish","type":"page","link":"https:\/\/roeper-consulting.de\/","title":{"rendered":"Kirstin R\u00f6per-Gurzawski"},"content":{"rendered":"<p style=\"text-align: left;\">Als erfahrener Personalentwickler, Trainer, Diagnostiker und systemischer Coach m\u00f6chte ich Sie unterst\u00fctzen, Ver\u00e4nderungen zu bewirken:<\/p>\n<ul>\n<li>im Umgang miteinander<\/li>\n<li>im pers\u00f6nlichen Karriereweg<\/li>\n<li>zur pers\u00f6nlichen Neuorientierung<\/li>\n<li>in der Work-Life-Balance<\/li>\n<li>in Konfliktsituationen<\/li>\n<li>in der eigenen Einstellung<\/li>\n<li>in der Umsetzung agiler Methoden<\/li>\n<li>in Ihrer Potenzialfindung und -nutzung<\/li>\n<li>in der pers\u00f6nlichen Entscheidungs- und Zielfindung<\/li>\n<li>in Ihrer pers\u00f6nlichen Wirkung<\/li>\n<\/ul>\n","protected":false},"excerpt":{"rendered":"<p>Als erfahrener Personalentwickler, Trainer, Diagnostiker und systemischer Coach m\u00f6chte ich Sie unterst\u00fctzen, Ver\u00e4nderungen zu bewirken: im Umgang miteinander im pers\u00f6nlichen Karriereweg zur pers\u00f6nlichen Neuorientierung in der Work-Life-Balance in Konfliktsituationen in der eigenen Einstellung in der Umsetzung agiler Methoden in Ihrer Potenzialfindung und -nutzung in der pers\u00f6nlichen Entscheidungs- und Zielfindung in Ihrer pers\u00f6nlichen Wirkung<\/p>\n","protected":false},"author":1,"featured_media":0,"parent":0,"menu_order":0,"comment_status":"closed","ping_status":"closed","template":"","meta":{"footnotes":""},"_links":{"self":[{"href":"https:\/\/roeper-consulting.de\/index.php?rest_route=\/wp\/v2\/pages\/21"}],"collection":[{"href":"https:\/\/roeper-consulting.de\/index.php?rest_route=\/wp\/v2\/pages"}],"about":[{"href":"https:\/\/roeper-consulting.de\/index.php?rest_route=\/wp\/v2\/types\/page"}],"author":[{"embeddable":true,"href":"https:\/\/roeper-consulting.de\/index.php?rest_route=\/wp\/v2\/users\/1"}],"replies":[{"embeddable":true,"href":"https:\/\/roeper-consulting.de\/index.php?rest_route=%2Fwp%2Fv2%2Fcomments&post=21"}],"version-history":[{"count":6,"href":"https:\/\/roeper-consulting.de\/index.php?rest_route=\/wp\/v2\/pages\/21\/revisions"}],"predecessor-version":[{"id":87,"href":"https:\/\/roeper-consulting.de\/index.php?rest_route=\/wp\/v2\/pages\/21\/revisions\/87"}],"wp:attachment":[{"href":"https:\/\/roeper-consulting.de\/index.php?rest_route=%2Fwp%2Fv2%2Fmedia&parent=21"}],"curies":[{"name":"wp","href":"https:\/\/api.w.org\/{rel}","templated":true}]}}