{"id":36,"date":"2018-12-27T15:13:49","date_gmt":"2018-12-27T15:13:49","guid":{"rendered":"http:\/\/roeper-consulting.de\/?page_id=36"},"modified":"2021-02-08T18:19:42","modified_gmt":"2021-02-08T17:19:42","slug":"berufserfahrung","status":"publish","type":"page","link":"https:\/\/roeper-consulting.de\/?page_id=36","title":{"rendered":"Berufserfahrung"},"content":{"rendered":"<ul>\n<li>Selbstst\u00e4ndiger Senior Consultant, Trainerin und Coach in Deutschland und USA f\u00fcr z.B. Deutsche Bahn, m2m consulting, Merck, Kaufland, BASF, Raymond, Basler Securitas, S\u00fcwag, Global LT, Recaro North America<\/li>\n<li>Spezialistin PE, Senior Berater, T-Systems, Deutsche Telekom, Darmstadt<\/li>\n<li>Referentin PE, sp\u00e4ter International Human Resources Managerin; Schneider Automation (ehem. AEG), Seligenstadt<\/li>\n<li>Managementtrainerin, DIE TRAINER, Hildesheim<\/li>\n<\/ul>\n<p>Sie k\u00f6nnen auf mehr als 25 Jahre Berufserfahrung in mittelst\u00e4ndischen Unternehmen als auch Gro\u00dfkonzernen auf nationaler und internationaler Ebene zur\u00fcckgreifen.<\/p>\n","protected":false},"excerpt":{"rendered":"<p>Selbstst\u00e4ndiger Senior Consultant, Trainerin und Coach in Deutschland und USA f\u00fcr z.B. Deutsche Bahn, m2m consulting, Merck, Kaufland, BASF, Raymond, Basler Securitas, S\u00fcwag, Global LT, Recaro North America Spezialistin PE, Senior Berater, T-Systems, Deutsche Telekom, Darmstadt Referentin PE, sp\u00e4ter International Human Resources Managerin; Schneider Automation (ehem. AEG), Seligenstadt Managementtrainerin, DIE TRAINER, Hildesheim Sie k\u00f6nnen auf &hellip; <\/p>\n<p class=\"link-more\"><a href=\"https:\/\/roeper-consulting.de\/?page_id=36\" class=\"more-link\"><span class=\"screen-reader-text\">\u201eBerufserfahrung\u201c<\/span> weiterlesen<\/a><\/p>\n","protected":false},"author":1,"featured_media":130,"parent":0,"menu_order":0,"comment_status":"closed","ping_status":"closed","template":"","meta":{"footnotes":""},"_links":{"self":[{"href":"https:\/\/roeper-consulting.de\/index.php?rest_route=\/wp\/v2\/pages\/36"}],"collection":[{"href":"https:\/\/roeper-consulting.de\/index.php?rest_route=\/wp\/v2\/pages"}],"about":[{"href":"https:\/\/roeper-consulting.de\/index.php?rest_route=\/wp\/v2\/types\/page"}],"author":[{"embeddable":true,"href":"https:\/\/roeper-consulting.de\/index.php?rest_route=\/wp\/v2\/users\/1"}],"replies":[{"embeddable":true,"href":"https:\/\/roeper-consulting.de\/index.php?rest_route=%2Fwp%2Fv2%2Fcomments&post=36"}],"version-history":[{"count":5,"href":"https:\/\/roeper-consulting.de\/index.php?rest_route=\/wp\/v2\/pages\/36\/revisions"}],"predecessor-version":[{"id":131,"href":"https:\/\/roeper-consulting.de\/index.php?rest_route=\/wp\/v2\/pages\/36\/revisions\/131"}],"wp:featuredmedia":[{"embeddable":true,"href":"https:\/\/roeper-consulting.de\/index.php?rest_route=\/wp\/v2\/media\/130"}],"wp:attachment":[{"href":"https:\/\/roeper-consulting.de\/index.php?rest_route=%2Fwp%2Fv2%2Fmedia&parent=36"}],"curies":[{"name":"wp","href":"https:\/\/api.w.org\/{rel}","templated":true}]}}